{"id":164,"date":"2017-02-26T10:20:44","date_gmt":"2017-02-26T10:20:44","guid":{"rendered":"https:\/\/ucutucuman.com.ar\/?page_id=164"},"modified":"2023-12-16T20:19:58","modified_gmt":"2023-12-16T23:19:58","slug":"contacto","status":"publish","type":"page","link":"https:\/\/ucutucuman.com.ar\/index.php\/contacto\/","title":{"rendered":"Contacto"},"content":{"rendered":"<p>[vc_row disable_element=\u00bbyes\u00bb][vc_column][vc_empty_space alter_height=\u00bbbig\u00bb hide_on_mobile=\u00bb1&#8243;][\/vc_column][\/vc_row][vc_row disable_element=\u00bbyes\u00bb][vc_column width=\u00bb1\/3&#8243;][vc_empty_space height=\u00bb3em\u00bb alter_height=\u00bbnone\u00bb hide_on_mobile=\u00bb\u00bb][vc_icon icon_fontawesome=\u00bbicon-placeholder\u00bb color=\u00bbcustom\u00bb size=\u00bblg\u00bb align=\u00bbcenter\u00bb custom_color=\u00bb#d4a971&#8243; css=\u00bb.vc_custom_1491218870986{margin-bottom: 0px !important;}\u00bb][vc_empty_space height=\u00bb1.5em\u00bb alter_height=\u00bbnone\u00bb hide_on_mobile=\u00bb\u00bb][vc_column_text]<\/p>\n<h3 style=\"text-align: center;\">Our Office Address<\/h3>\n<p>[\/vc_column_text][vc_empty_space height=\u00bb0.45em\u00bb alter_height=\u00bbnone\u00bb hide_on_mobile=\u00bb\u00bb][vc_custom_heading text=\u00bbNew York, NY 256364, United States\u00bb font_container=\u00bbtag:p|font_size:13px|text_align:center|line_height:20px\u00bb use_theme_fonts=\u00bbyes\u00bb css=\u00bb.vc_custom_1492524151591{margin-top: 0px !important;margin-bottom: 0px !important;}\u00bb][\/vc_column][vc_column width=\u00bb1\/3&#8243;][vc_empty_space height=\u00bb3em\u00bb alter_height=\u00bbnone\u00bb hide_on_mobile=\u00bb\u00bb][vc_icon icon_fontawesome=\u00bbicon-phone-call\u00bb color=\u00bbcustom\u00bb size=\u00bblg\u00bb align=\u00bbcenter\u00bb custom_color=\u00bb#d4a971&#8243; css=\u00bb.vc_custom_1528972813931{margin-bottom: 0px !important;}\u00bb link=\u00bburl:tel%3A8%20800%20123%2045%2067|||\u00bb][vc_empty_space height=\u00bb1.5em\u00bb alter_height=\u00bbnone\u00bb hide_on_mobile=\u00bb\u00bb][vc_column_text]<\/p>\n<h3 style=\"text-align: center;\">Our Phone Numbers<\/h3>\n<p>[\/vc_column_text][vc_empty_space height=\u00bb0.45em\u00bb alter_height=\u00bbnone\u00bb hide_on_mobile=\u00bb\u00bb][vc_custom_heading text=\u00bb8 800 123 45 67&#8243; font_container=\u00bbtag:p|font_size:13px|text_align:center|line_height:20px\u00bb use_theme_fonts=\u00bbyes\u00bb css=\u00bb.vc_custom_1529670512456{margin-top: 0px !important;margin-bottom: 0px !important;}\u00bb link=\u00bburl:tel%3A8%20800%20123%2045%2067|||\u00bb][vc_custom_heading text=\u00bbFAX: 8 800 123 456 78&#8243; font_container=\u00bbtag:p|font_size:13px|text_align:center\u00bb use_theme_fonts=\u00bbyes\u00bb][\/vc_column][vc_column width=\u00bb1\/3&#8243;][vc_empty_space height=\u00bb3em\u00bb alter_height=\u00bbnone\u00bb hide_on_mobile=\u00bb\u00bb][vc_icon icon_fontawesome=\u00bbicon-clock-1&#8243; color=\u00bbcustom\u00bb size=\u00bblg\u00bb align=\u00bbcenter\u00bb custom_color=\u00bb#d4a971&#8243; css=\u00bb.vc_custom_1491218881366{margin-bottom: 0px !important;}\u00bb][vc_empty_space height=\u00bb1.5em\u00bb alter_height=\u00bbnone\u00bb hide_on_mobile=\u00bb\u00bb][vc_column_text]<\/p>\n<h3 style=\"text-align: center;\">Our Open Hours<\/h3>\n<p>[\/vc_column_text][vc_empty_space height=\u00bb0.45em\u00bb alter_height=\u00bbnone\u00bb hide_on_mobile=\u00bb\u00bb][vc_custom_heading text=\u00bbMonday &#8211; Saturday &#8211; 8:00 &#8211; 18:00, Sun &#8211; 8:00 &#8211; 14:00&#8243; font_container=\u00bbtag:p|font_size:13px|text_align:center|line_height:20px\u00bb use_theme_fonts=\u00bbyes\u00bb css=\u00bb.vc_custom_1492524168264{margin-top: 0px !important;margin-bottom: 0px !important;}\u00bb][\/vc_column][\/vc_row][vc_row][vc_column][vc_empty_space alter_height=\u00bbbig\u00bb hide_on_mobile=\u00bb1&#8243;][vc_empty_space height=\u00bb0.45em\u00bb alter_height=\u00bbnone\u00bb hide_on_mobile=\u00bb1&#8243;][vc_empty_space height=\u00bb3em\u00bb alter_height=\u00bbnone\u00bb hide_on_mobile=\u00bb\u00bb][\/vc_column][\/vc_row][vc_row full_width=\u00bbstretch_row\u00bb css=\u00bb.vc_custom_1488104262140{background-color: #fafafa !important;}\u00bb][vc_column][vc_empty_space height=\u00bb3em\u00bb alter_height=\u00bbnone\u00bb hide_on_mobile=\u00bb\u00bb][vc_empty_space height=\u00bb6.05em\u00bb alter_height=\u00bbnone\u00bb hide_on_mobile=\u00bb1&#8243;]<div id=\"sc_content_1272054289\"\r\n\t\tclass=\"sc_content sc_content_default sc_float_center sc_content_width_70p\"><div class=\"sc_content_container\"><div id=\"sc_icons_1597274802\" \r\n\tclass=\"sc_icons sc_icons_default sc_icons_size_medium sc_align_center\"><div class=\"sc_icons_item\"><div id=\"sc_icons_1597274802_icon-paper-plane-light\" class=\"sc_icons_icon sc_icon_type_ icon-paper-plane-light\"\r\n\t\t\t\t\t\t\t\t\t\t\t\t><span class=\"sc_icon_type_ icon-paper-plane-light\"><\/span><\/div><\/div><\/div><!-- \/.sc_icons --><div id=\"sc_title_1974613696\"\r\n\t\tclass=\"sc_title sc_title_default\"><h6 class=\"sc_item_subtitle sc_title_subtitle sc_align_center sc_item_title_style_default\">Contacto<\/h6><h3 class=\"sc_item_title sc_title_title sc_align_center sc_item_title_style_default\">Estamos en contacto<\/h3><div class=\"sc_item_descr sc_title_descr sc_align_center\"><p>La atenci\u00f3n y el asesoramiento se realizar\u00e1 previo contacto y coordinaci\u00f3n con los profesionales v\u00eda WhatsApp.<\/p>\n<\/div><\/div><!-- \/.sc_title --><\/div><\/div><!-- \/.sc_content -->[vc_empty_space height=\u00bb5em\u00bb alter_height=\u00bbnone\u00bb hide_on_mobile=\u00bb1&#8243;][vc_empty_space height=\u00bb3em\u00bb alter_height=\u00bbnone\u00bb hide_on_mobile=\u00bb\u00bb][vc_row_inner][vc_column_inner width=\u00bb1\/4&#8243;][\/vc_column_inner][vc_column_inner width=\u00bb1\/2&#8243;]<style id=\"wpforms-css-vars-932\">\n\t\t\t\t#wpforms-932 {\n\t\t\t\t\n\t\t\t}\n\t\t\t<\/style><div class=\"wpforms-container wpforms-container-full wpforms-render-modern\" id=\"wpforms-932\"><form id=\"wpforms-form-932\" class=\"wpforms-validate wpforms-form wpforms-ajax-form\" data-formid=\"932\" method=\"post\" enctype=\"multipart\/form-data\" action=\"\/index.php\/wp-json\/wp\/v2\/pages\/164\" data-token=\"3091b691afa44175898aa10dfa229604\" data-token-time=\"1776401458\"><noscript class=\"wpforms-error-noscript\">Por favor, activa JavaScript en tu navegador para completar este formulario.<\/noscript><div id=\"wpforms-error-noscript\" style=\"display: none;\">Por favor, activa JavaScript en tu navegador para completar este formulario.<\/div><div class=\"wpforms-field-container\"><div id=\"wpforms-932-field_4-container\" class=\"wpforms-field wpforms-field-name\" data-field-id=\"4\"><label class=\"wpforms-field-label\" for=\"wpforms-932-field_4\">Nombre y Apellido <span class=\"wpforms-required-label\" aria-hidden=\"true\">*<\/span><\/label><input type=\"text\" id=\"wpforms-932-field_4\" class=\"wpforms-field-large wpforms-field-required\" name=\"wpforms[fields][4]\" aria-errormessage=\"wpforms-932-field_4-error\" required><\/div><div id=\"wpforms-932-field_3-container\" class=\"wpforms-field wpforms-field-number\" data-field-id=\"3\"><label class=\"wpforms-field-label\" for=\"wpforms-932-field_3\">Tel\u00e9fono <span class=\"wpforms-required-label\" aria-hidden=\"true\">*<\/span><\/label><input type=\"number\" id=\"wpforms-932-field_3\" class=\"wpforms-field-large wpforms-field-required\" name=\"wpforms[fields][3]\" step=\"any\" aria-errormessage=\"wpforms-932-field_3-error\" required><\/div><div id=\"wpforms-932-field_1-container\" class=\"wpforms-field wpforms-field-email\" data-field-id=\"1\"><label class=\"wpforms-field-label\" for=\"wpforms-932-field_1\">Correo electr\u00f3nico <span class=\"wpforms-required-label\" aria-hidden=\"true\">*<\/span><\/label><input type=\"email\" id=\"wpforms-932-field_1\" class=\"wpforms-field-large wpforms-field-required\" name=\"wpforms[fields][1]\" spellcheck=\"false\" aria-errormessage=\"wpforms-932-field_1-error\" required><\/div><div id=\"wpforms-932-field_2-container\" class=\"wpforms-field wpforms-field-textarea\" data-field-id=\"2\"><label class=\"wpforms-field-label\" for=\"wpforms-932-field_2\">Comentario o mensaje<\/label><textarea id=\"wpforms-932-field_2\" class=\"wpforms-field-medium\" name=\"wpforms[fields][2]\" aria-errormessage=\"wpforms-932-field_2-error\" ><\/textarea><\/div><\/div><!-- .wpforms-field-container --><div class=\"wpforms-submit-container\" ><input type=\"hidden\" name=\"wpforms[id]\" value=\"932\"><input type=\"hidden\" name=\"page_title\" value=\"\"><input type=\"hidden\" name=\"page_url\" value=\"https:\/\/ucutucuman.com.ar\/index.php\/wp-json\/wp\/v2\/pages\/164\"><input type=\"hidden\" name=\"url_referer\" value=\"https:\/\/ucutucuman.com.ar\/index.php\/contacto\/\"><button type=\"submit\" name=\"wpforms[submit]\" id=\"wpforms-submit-932\" class=\"wpforms-submit\" data-alt-text=\"Enviando...\" data-submit-text=\"Enviar\" aria-live=\"assertive\" value=\"wpforms-submit\">Enviar<\/button><img decoding=\"async\" data-src=\"https:\/\/ucutucuman.com.ar\/wp-content\/plugins\/wpforms-lite\/assets\/images\/submit-spin.svg\" class=\"wpforms-submit-spinner lazyload\" style=\"--smush-placeholder-width: 26px; --smush-placeholder-aspect-ratio: 26\/26;display: none;\" width=\"26\" height=\"26\" alt=\"Cargando\" src=\"data:image\/svg+xml;base64,PHN2ZyB3aWR0aD0iMSIgaGVpZ2h0PSIxIiB4bWxucz0iaHR0cDovL3d3dy53My5vcmcvMjAwMC9zdmciPjwvc3ZnPg==\"><\/div><\/form><\/div>  <!-- .wpforms-container -->[\/vc_column_inner][vc_column_inner width=\u00bb1\/4&#8243;][\/vc_column_inner][\/vc_row_inner][\/vc_column][\/vc_row]<\/p>\n","protected":false},"excerpt":{"rendered":"<p>[vc_row disable_element=\u00bbyes\u00bb][vc_column][vc_empty_space alter_height=\u00bbbig\u00bb hide_on_mobile=\u00bb1&#8243;][\/vc_column][\/vc_row][vc_row disable_element=\u00bbyes\u00bb][vc_column width=\u00bb1\/3&#8243;][vc_empty_space height=\u00bb3em\u00bb alter_height=\u00bbnone\u00bb hide_on_mobile=\u00bb\u00bb][vc_icon icon_fontawesome=\u00bbicon-placeholder\u00bb color=\u00bbcustom\u00bb size=\u00bblg\u00bb align=\u00bbcenter\u00bb custom_color=\u00bb#d4a971&#8243; css=\u00bb.vc_custom_1491218870986{margin-bottom: 0px !important;}\u00bb][vc_empty_space height=\u00bb1.5em\u00bb alter_height=\u00bbnone\u00bb hide_on_mobile=\u00bb\u00bb][vc_column_text] Our Office Address [\/vc_column_text][vc_empty_space height=\u00bb0.45em\u00bb alter_height=\u00bbnone\u00bb hide_on_mobile=\u00bb\u00bb][vc_custom_heading text=\u00bbNew York, NY 256364, United States\u00bb font_container=\u00bbtag:p|font_size:13px|text_align:center|line_height:20px\u00bb use_theme_fonts=\u00bbyes\u00bb css=\u00bb.vc_custom_1492524151591{margin-top: 0px !important;margin-bottom: 0px !important;}\u00bb][\/vc_column][vc_column width=\u00bb1\/3&#8243;][vc_empty_space height=\u00bb3em\u00bb alter_height=\u00bbnone\u00bb hide_on_mobile=\u00bb\u00bb][vc_icon icon_fontawesome=\u00bbicon-phone-call\u00bb&hellip;<\/p>\n","protected":false},"author":1,"featured_media":0,"parent":0,"menu_order":0,"comment_status":"closed","ping_status":"closed","template":"","meta":{"_monsterinsights_skip_tracking":false,"_monsterinsights_sitenote_active":false,"_monsterinsights_sitenote_note":"","_monsterinsights_sitenote_category":0,"footnotes":""},"aioseo_notices":[],"_links":{"self":[{"href":"https:\/\/ucutucuman.com.ar\/index.php\/wp-json\/wp\/v2\/pages\/164"}],"collection":[{"href":"https:\/\/ucutucuman.com.ar\/index.php\/wp-json\/wp\/v2\/pages"}],"about":[{"href":"https:\/\/ucutucuman.com.ar\/index.php\/wp-json\/wp\/v2\/types\/page"}],"author":[{"embeddable":true,"href":"https:\/\/ucutucuman.com.ar\/index.php\/wp-json\/wp\/v2\/users\/1"}],"replies":[{"embeddable":true,"href":"https:\/\/ucutucuman.com.ar\/index.php\/wp-json\/wp\/v2\/comments?post=164"}],"version-history":[{"count":8,"href":"https:\/\/ucutucuman.com.ar\/index.php\/wp-json\/wp\/v2\/pages\/164\/revisions"}],"predecessor-version":[{"id":1004,"href":"https:\/\/ucutucuman.com.ar\/index.php\/wp-json\/wp\/v2\/pages\/164\/revisions\/1004"}],"wp:attachment":[{"href":"https:\/\/ucutucuman.com.ar\/index.php\/wp-json\/wp\/v2\/media?parent=164"}],"curies":[{"name":"wp","href":"https:\/\/api.w.org\/{rel}","templated":true}]}}